{"id":88,"date":"2025-11-22T13:02:21","date_gmt":"2025-11-22T12:02:21","guid":{"rendered":"https:\/\/trievesperspectives2026.fr\/?page_id=88"},"modified":"2025-11-22T13:03:57","modified_gmt":"2025-11-22T12:03:57","slug":"vivrelademocratie","status":"publish","type":"page","link":"https:\/\/trievesperspectives2026.fr\/index.php\/vivrelademocratie\/","title":{"rendered":"vivrelademocratie"},"content":{"rendered":"\n<p class=\"has-text-color has-link-color has-lora-font-family has-custom-font wp-elements-f28cc71c9d435ee11b4a2d650ff84a35\" style=\"color:#ed6e28;font-size:60px;font-family:Lora\"><strong>Faire vivre la d\u00e9mocratie \u00e0 tous les \u00e9tages<\/strong><\/p>\n\n\n\n<p>R\u00e9fl\u00e9chir \u00e0 un projet de territoire, c\u2019est aussi repenser la mani\u00e8re dont nous faisons de la politique ensemble et mettre en \u0153uvre un fonctionnement permettant \u00e0 chacun\u2027e, \u00e9lu\u2027e\u2027s et habitant\u2027e\u2027s, de s\u2019investir efficacement.<\/p>\n\n\n\n<p>Une remise en question des conditions d\u2019exercice du mandat d\u2019\u00e9lu\u2027e intercommunal est indispensable avec la prise en compte des contraintes professionnelles ou familiales, notamment pour les femmes. Il est temps de poser les bases d\u2019un fonctionnement plus inclusif, plus respectueux des engagements de chacun et chacune, et plus repr\u00e9sentatif de la diversit\u00e9 des communes et des personnes \u00e9lues. Nous nous engageons \u00e0 <strong>int\u00e9grer plus de femmes dans l\u2019ex\u00e9cutif intercommunal<\/strong>, parce que le conseil communautaire doit \u00eatre davantage repr\u00e9sentatif de la population et que nous sommes convaincu\u2027e\u2027s que cela changera profond\u00e9ment la mani\u00e8re de d\u00e9battre, de d\u00e9cider, de conduire des projets. Nous nous engageons \u00e0 former les \u00e9lu\u2027e\u2027s tout au long du mandat, \u00e0 adapter les horaires et les lieux de r\u00e9union pour \u00e9viter les d\u00e9placements inutiles, \u00e0 mieux concilier engagement public et vie personnelle, \u00e0 favoriser une participation plus large (usage de tous les outils utiles pour permettre et faciliter la pr\u00e9sence et le d\u00e9bat).<\/p>\n\n\n\n<p><a><\/a> <strong>Avec le prochain mandat intercommunal, nous voulons engager une v\u00e9ritable d\u00e9marche de co- construction de cette vision<\/strong>. Cela signifie ouvrir un chantier de projet de territoire d\u00e8s les premiers mois, en associant l\u2019ensemble des communes, les \u00e9lu\u2027e\u2027s, les forces vives locales, les habitant\u2027e\u2027s.<\/p>\n\n\n\n<p>Nous souhaitons :<\/p>\n\n\n\n<ul class=\"wp-block-list\">\n<li>Tout d\u2019abord, et cela d\u00e8s le d\u00e9but du mandat, <strong>former les nouveaux \u00e9lu<\/strong><strong>\u2027e\u2027<\/strong><strong>s communautaires et municipaux<\/strong><\/li>\n\n\n\n<li>Mettre en place une <strong>m\u00e9thode et un calendrier clair <\/strong>de concertation, avec des \u00e9tapes d\u00e9finies et un pilotage partag\u00e9 ;<\/li>\n\n\n\n<li>Mobiliser <strong>les services de la communaut\u00e9 de communes<\/strong> pour produire des donn\u00e9es, des analyses, des sc\u00e9narios d\u2019\u00e9volution ;<\/li>\n\n\n\n<li>Organiser des <strong>forums territoriaux ouverts<\/strong> \u00e0 tout le monde pour mettre en d\u00e9bat les priorit\u00e9s et les orientations ;<\/li>\n<\/ul>\n\n\n\n<p>Ce projet de territoire ne sera pas un document de plus. Il devra \u00eatre <strong>le cap de ce nouveau mandat de 6 ans<\/strong>. Guider l\u2019organisation politique et administrative de la communaut\u00e9 de communes, les choix budg\u00e9taires, les politiques publiques, les partenariats. Il devra \u00eatre <strong>vivant, \u00e9valu\u00e9 r\u00e9guli\u00e8rement, mis \u00e0 jour en fonction des transitions \u00e0 venir.<\/strong><\/p>\n\n\n\n<p><strong>Nous nous engageons \u00e0 ce que les habitant<\/strong>\u2027<strong>e<\/strong>\u2027<strong>s, puissent \u00eatre partie prenante de la r\u00e9flexion sur les grands projets<\/strong> (am\u00e9nagement, logement, tarification et gestion de l\u2019eau\u2026). La concertation avec les habitant\u2027e\u2027s doit \u00eatre un axe fort de la nouvelle gouvernance de la ComCom et elle doit enrichir le projet territorial. Les commissions communautaires doivent \u00eatre ouvertes. La ComCom l\u00e8ve l\u2019imp\u00f4t, ce qui l\u2019oblige \u00e0 rendre compte aux citoyen\u2027n\u2027e\u2027s (organisation de r\u00e9union publiques locales).<\/p>\n\n\n\n<p class=\"has-background\" style=\"background-color:#afc2513d\"><strong>Faire de la politique autrement<\/strong>,<br>C\u2019est aussi garantir l&rsquo;\u00e9quit\u00e9 d&rsquo;acc\u00e8s aux services sur l&rsquo;ensemble du territoire, le respect du \u00ab\u00a0droit au village\u00a0\u00bb d&rsquo;\u00eatre petit sans \u00eatre marginalis\u00e9, une solidarit\u00e9 active pour que le d\u00e9veloppement ne soit pas r\u00e9serv\u00e9 \u00e0 quelques p\u00f4les.<br>C\u2019est faire circuler l\u2019information, r\u00e9partir les responsabilit\u00e9s, cr\u00e9er des espaces de d\u00e9bat ouverts, transparents, o\u00f9 l\u2019on peut ne pas \u00eatre d\u2019accord \u2013 mais o\u00f9 chacun\u2027e a sa place.<br>C\u2019est construire ensemble avec un autre mode de gouvernance, lisible, juste et ouvert.<br>C&rsquo;est ce que nous voulons.<br>Ce projet, nous le mettons en d\u00e9bat avec les habitant\u2027e\u2027s et avec les municipalit\u00e9s.<\/p>\n","protected":false},"excerpt":{"rendered":"<p>Faire vivre la d\u00e9mocratie \u00e0 tous les \u00e9tages R\u00e9fl\u00e9chir \u00e0 un projet de territoire, c\u2019est aussi repenser la mani\u00e8re dont nous faisons de la politique ensemble et mettre en \u0153uvre un fonctionnement permettant \u00e0 chacun\u2027e, \u00e9lu\u2027e\u2027s et habitant\u2027e\u2027s, de s\u2019investir efficacement. Une remise en question des conditions d\u2019exercice du mandat d\u2019\u00e9lu\u2027e intercommunal est indispensable avec [&hellip;]<\/p>\n","protected":false},"author":1,"featured_media":0,"parent":0,"menu_order":0,"comment_status":"closed","ping_status":"closed","template":"","meta":{"_coblocks_attr":"Lora","_coblocks_dimensions":"","_coblocks_responsive_height":"","_coblocks_accordion_ie_support":"","hide_page_title":"enabled","footnotes":""},"class_list":["post-88","page","type-page","status-publish","hentry"],"_links":{"self":[{"href":"https:\/\/trievesperspectives2026.fr\/index.php\/wp-json\/wp\/v2\/pages\/88","targetHints":{"allow":["GET"]}}],"collection":[{"href":"https:\/\/trievesperspectives2026.fr\/index.php\/wp-json\/wp\/v2\/pages"}],"about":[{"href":"https:\/\/trievesperspectives2026.fr\/index.php\/wp-json\/wp\/v2\/types\/page"}],"author":[{"embeddable":true,"href":"https:\/\/trievesperspectives2026.fr\/index.php\/wp-json\/wp\/v2\/users\/1"}],"replies":[{"embeddable":true,"href":"https:\/\/trievesperspectives2026.fr\/index.php\/wp-json\/wp\/v2\/comments?post=88"}],"version-history":[{"count":2,"href":"https:\/\/trievesperspectives2026.fr\/index.php\/wp-json\/wp\/v2\/pages\/88\/revisions"}],"predecessor-version":[{"id":93,"href":"https:\/\/trievesperspectives2026.fr\/index.php\/wp-json\/wp\/v2\/pages\/88\/revisions\/93"}],"wp:attachment":[{"href":"https:\/\/trievesperspectives2026.fr\/index.php\/wp-json\/wp\/v2\/media?parent=88"}],"curies":[{"name":"wp","href":"https:\/\/api.w.org\/{rel}","templated":true}]}}