{"id":76,"date":"2025-11-22T12:56:15","date_gmt":"2025-11-22T11:56:15","guid":{"rendered":"https:\/\/trievesperspectives2026.fr\/?page_id=76"},"modified":"2025-11-22T12:56:15","modified_gmt":"2025-11-22T11:56:15","slug":"mobilite","status":"publish","type":"page","link":"https:\/\/trievesperspectives2026.fr\/index.php\/mobilite\/","title":{"rendered":"mobilite"},"content":{"rendered":"\n<p class=\"has-text-color has-link-color has-lora-font-family has-custom-font wp-elements-8c296672b34c40fbef12721eb7ce5bc8\" style=\"color:#ed6e28;font-size:60px;font-family:Lora\">Des mobilit\u00e9s qui \u00e9mancipent<\/p>\n\n\n\n<p><br>Dans un territoire rural comme le n\u00f4tre, la mobilit\u00e9 individuelle est indispensable : elle est souvent la condition de la libert\u00e9, de l\u2019acc\u00e8s aux services, \u00e0 l\u2019emploi, \u00e0 la vie sociale. Il faut innover. Nous avons la chance qu&rsquo;une ligne de train traverse le Tri\u00e8ves, la ComCom doit \u00eatre acteur vis \u00e0 vis de l&rsquo;\u00c9tat et de la r\u00e9gion, pour la renforcer, la p\u00e9renniser. Et organiser, avec la R\u00e9gion, une desserte entre les gares et les villages (navettes \u2013 covoiturage &#8230;). De la m\u00eame mani\u00e8re, la ComCom doit \u00eatre au c\u00f4t\u00e9 des communes et des habitants pour que les travaux engag\u00e9s par le d\u00e9partement sur la RD1075 n\u2019entra\u00eenent ni augmentation de vitesse ni report des camions sur les Alpes, ni diminution de la s\u00e9curit\u00e9.<\/p>\n\n\n\n<p class=\"has-background\" style=\"background-color:#afc2513d\">&#8211; Comment d\u00e9velopper des solutions locales de transport pour tou\u2027te\u2027s\u00a0?<br>&#8211; Comment faire de nos gares de vrais points d\u2019appui pour organiser les mobilit\u00e9s\u00a0?<br>&#8211; Comment obtenir du D\u00e9partement une circulation s\u00e9curis\u00e9e pour les cyclistes ?<\/p>\n\n\n\n<p><\/p>\n","protected":false},"excerpt":{"rendered":"<p>Des mobilit\u00e9s qui \u00e9mancipent Dans un territoire rural comme le n\u00f4tre, la mobilit\u00e9 individuelle est indispensable : elle est souvent la condition de la libert\u00e9, de l\u2019acc\u00e8s aux services, \u00e0 l\u2019emploi, \u00e0 la vie sociale. Il faut innover. Nous avons la chance qu&rsquo;une ligne de train traverse le Tri\u00e8ves, la ComCom doit \u00eatre acteur vis [&hellip;]<\/p>\n","protected":false},"author":1,"featured_media":0,"parent":0,"menu_order":0,"comment_status":"closed","ping_status":"closed","template":"","meta":{"_coblocks_attr":"Lora","_coblocks_dimensions":"","_coblocks_responsive_height":"","_coblocks_accordion_ie_support":"","hide_page_title":"enabled","footnotes":""},"class_list":["post-76","page","type-page","status-publish","hentry"],"_links":{"self":[{"href":"https:\/\/trievesperspectives2026.fr\/index.php\/wp-json\/wp\/v2\/pages\/76","targetHints":{"allow":["GET"]}}],"collection":[{"href":"https:\/\/trievesperspectives2026.fr\/index.php\/wp-json\/wp\/v2\/pages"}],"about":[{"href":"https:\/\/trievesperspectives2026.fr\/index.php\/wp-json\/wp\/v2\/types\/page"}],"author":[{"embeddable":true,"href":"https:\/\/trievesperspectives2026.fr\/index.php\/wp-json\/wp\/v2\/users\/1"}],"replies":[{"embeddable":true,"href":"https:\/\/trievesperspectives2026.fr\/index.php\/wp-json\/wp\/v2\/comments?post=76"}],"version-history":[{"count":1,"href":"https:\/\/trievesperspectives2026.fr\/index.php\/wp-json\/wp\/v2\/pages\/76\/revisions"}],"predecessor-version":[{"id":77,"href":"https:\/\/trievesperspectives2026.fr\/index.php\/wp-json\/wp\/v2\/pages\/76\/revisions\/77"}],"wp:attachment":[{"href":"https:\/\/trievesperspectives2026.fr\/index.php\/wp-json\/wp\/v2\/media?parent=76"}],"curies":[{"name":"wp","href":"https:\/\/api.w.org\/{rel}","templated":true}]}}