{"id":74,"date":"2025-11-22T12:54:33","date_gmt":"2025-11-22T11:54:33","guid":{"rendered":"https:\/\/trievesperspectives2026.fr\/?page_id=74"},"modified":"2025-11-22T12:54:33","modified_gmt":"2025-11-22T11:54:33","slug":"transition","status":"publish","type":"page","link":"https:\/\/trievesperspectives2026.fr\/index.php\/transition\/","title":{"rendered":"transition"},"content":{"rendered":"\n<p class=\"has-text-color has-link-color has-lora-font-family has-custom-font wp-elements-108d8628409220948c283a3ac8f6adf9\" style=\"color:#ed6e28;font-size:60px;font-family:Lora\">R\u00e9ussir la transition \u00e9cologique et \u00e9nerg\u00e9tique<\/p>\n\n\n\n<p><br>Chez nous, le changement climatique se voit pleinement : s\u00e9cheresses, tensions sur l\u2019eau, for\u00eats fragilis\u00e9es, co\u00fbt de l\u2019\u00e9nergie qui p\u00e8se sur les m\u00e9nages. Ces r\u00e9alit\u00e9s nous obligent \u00e0 penser collectivement la gestion de l\u2019eau, l\u2019adaptation des pratiques agricoles, le soutien aux \u00e9nergies locales et aux \u00e9conomies d\u2019\u00e9nergie.<\/p>\n\n\n\n<p class=\"has-background\" style=\"background-color:#afc2513d\">&#8211; Comment organiser le partage de la ressource en eau, bien commun strat\u00e9gique ?<br>&#8211; Comment encourager la r\u00e9silience locale (\u00e9nergies, modes de vie, organisations sociales) ?<\/p>\n\n\n\n<p><\/p>\n","protected":false},"excerpt":{"rendered":"<p>R\u00e9ussir la transition \u00e9cologique et \u00e9nerg\u00e9tique Chez nous, le changement climatique se voit pleinement : s\u00e9cheresses, tensions sur l\u2019eau, for\u00eats fragilis\u00e9es, co\u00fbt de l\u2019\u00e9nergie qui p\u00e8se sur les m\u00e9nages. Ces r\u00e9alit\u00e9s nous obligent \u00e0 penser collectivement la gestion de l\u2019eau, l\u2019adaptation des pratiques agricoles, le soutien aux \u00e9nergies locales et aux \u00e9conomies d\u2019\u00e9nergie. &#8211; Comment [&hellip;]<\/p>\n","protected":false},"author":1,"featured_media":0,"parent":0,"menu_order":0,"comment_status":"closed","ping_status":"closed","template":"","meta":{"_coblocks_attr":"Lora","_coblocks_dimensions":"","_coblocks_responsive_height":"","_coblocks_accordion_ie_support":"","hide_page_title":"enabled","footnotes":""},"class_list":["post-74","page","type-page","status-publish","hentry"],"_links":{"self":[{"href":"https:\/\/trievesperspectives2026.fr\/index.php\/wp-json\/wp\/v2\/pages\/74","targetHints":{"allow":["GET"]}}],"collection":[{"href":"https:\/\/trievesperspectives2026.fr\/index.php\/wp-json\/wp\/v2\/pages"}],"about":[{"href":"https:\/\/trievesperspectives2026.fr\/index.php\/wp-json\/wp\/v2\/types\/page"}],"author":[{"embeddable":true,"href":"https:\/\/trievesperspectives2026.fr\/index.php\/wp-json\/wp\/v2\/users\/1"}],"replies":[{"embeddable":true,"href":"https:\/\/trievesperspectives2026.fr\/index.php\/wp-json\/wp\/v2\/comments?post=74"}],"version-history":[{"count":1,"href":"https:\/\/trievesperspectives2026.fr\/index.php\/wp-json\/wp\/v2\/pages\/74\/revisions"}],"predecessor-version":[{"id":75,"href":"https:\/\/trievesperspectives2026.fr\/index.php\/wp-json\/wp\/v2\/pages\/74\/revisions\/75"}],"wp:attachment":[{"href":"https:\/\/trievesperspectives2026.fr\/index.php\/wp-json\/wp\/v2\/media?parent=74"}],"curies":[{"name":"wp","href":"https:\/\/api.w.org\/{rel}","templated":true}]}}