{"id":72,"date":"2025-11-22T12:52:55","date_gmt":"2025-11-22T11:52:55","guid":{"rendered":"https:\/\/trievesperspectives2026.fr\/?page_id=72"},"modified":"2025-11-22T12:52:55","modified_gmt":"2025-11-22T11:52:55","slug":"servicespublics","status":"publish","type":"page","link":"https:\/\/trievesperspectives2026.fr\/index.php\/servicespublics\/","title":{"rendered":"servicespublics"},"content":{"rendered":"\n<p class=\"has-text-color has-link-color has-lora-font-family has-custom-font wp-elements-fddbd10bc0e47341ad7f3ab5e1dae118\" style=\"color:#ed6e28;font-size:60px;font-family:Lora\">Services publics et am\u00e9nagement du territoire<\/p>\n\n\n\n<p><br>Les services au public ne sont pas une option ou un suppl\u00e9ment : ils structurent la vie quotidienne et assurent l\u2019\u00e9galit\u00e9 entre habitant\u2027<br>e\u2027s. L\u2019intercommunalit\u00e9 a la responsabilit\u00e9 de d\u00e9fendre ce maillage. Il ne faut plus laisser chaque commune seule face \u00e0 la suppression de services au public (comme par exemple du distributeur de Clelles) ni face aux demandes d&rsquo;implantations industrielles et commerciales.<\/p>\n\n\n\n<p class=\"has-background\" style=\"background-color:#afc2513d\">&#8211; Comment maintenir la pr\u00e9sence de services essentiels dans tous les villages ?<br>&#8211; Comment orienter ensemble l\u2019am\u00e9nagement pour pr\u00e9server l\u2019\u00e9quilibre du territoire ?<\/p>\n\n\n\n<p><\/p>\n","protected":false},"excerpt":{"rendered":"<p>Services publics et am\u00e9nagement du territoire Les services au public ne sont pas une option ou un suppl\u00e9ment : ils structurent la vie quotidienne et assurent l\u2019\u00e9galit\u00e9 entre habitant\u2027e\u2027s. L\u2019intercommunalit\u00e9 a la responsabilit\u00e9 de d\u00e9fendre ce maillage. Il ne faut plus laisser chaque commune seule face \u00e0 la suppression de services au public (comme par [&hellip;]<\/p>\n","protected":false},"author":1,"featured_media":0,"parent":0,"menu_order":0,"comment_status":"closed","ping_status":"closed","template":"","meta":{"_coblocks_attr":"Lora","_coblocks_dimensions":"","_coblocks_responsive_height":"","_coblocks_accordion_ie_support":"","hide_page_title":"enabled","footnotes":""},"class_list":["post-72","page","type-page","status-publish","hentry"],"_links":{"self":[{"href":"https:\/\/trievesperspectives2026.fr\/index.php\/wp-json\/wp\/v2\/pages\/72","targetHints":{"allow":["GET"]}}],"collection":[{"href":"https:\/\/trievesperspectives2026.fr\/index.php\/wp-json\/wp\/v2\/pages"}],"about":[{"href":"https:\/\/trievesperspectives2026.fr\/index.php\/wp-json\/wp\/v2\/types\/page"}],"author":[{"embeddable":true,"href":"https:\/\/trievesperspectives2026.fr\/index.php\/wp-json\/wp\/v2\/users\/1"}],"replies":[{"embeddable":true,"href":"https:\/\/trievesperspectives2026.fr\/index.php\/wp-json\/wp\/v2\/comments?post=72"}],"version-history":[{"count":1,"href":"https:\/\/trievesperspectives2026.fr\/index.php\/wp-json\/wp\/v2\/pages\/72\/revisions"}],"predecessor-version":[{"id":73,"href":"https:\/\/trievesperspectives2026.fr\/index.php\/wp-json\/wp\/v2\/pages\/72\/revisions\/73"}],"wp:attachment":[{"href":"https:\/\/trievesperspectives2026.fr\/index.php\/wp-json\/wp\/v2\/media?parent=72"}],"curies":[{"name":"wp","href":"https:\/\/api.w.org\/{rel}","templated":true}]}}