{"id":70,"date":"2025-11-22T12:51:31","date_gmt":"2025-11-22T11:51:31","guid":{"rendered":"https:\/\/trievesperspectives2026.fr\/?page_id=70"},"modified":"2025-11-22T12:51:31","modified_gmt":"2025-11-22T11:51:31","slug":"territoire","status":"publish","type":"page","link":"https:\/\/trievesperspectives2026.fr\/index.php\/territoire\/","title":{"rendered":"territoire"},"content":{"rendered":"\n<p class=\"has-text-color has-link-color has-lora-font-family has-custom-font wp-elements-0713ee086b8ecad85327c786a534b95a\" style=\"color:#ed6e28;font-size:60px;font-family:Lora\">Un territoire ouvert et coop\u00e9rant<\/p>\n\n\n\n<p>Le patrimoine et la culture forment le socle d\u2019une identit\u00e9 tri\u00e9voise commune. Le Tri\u00e8ves doit s\u2019appuyer sur ses richesses historiques et culturelles, tout en associant pleinement la population et d\u2019autres partenaires.<\/p>\n\n\n\n<p>L\u2019avenir du Tri\u00e8ves d\u00e9pend \u00e9galement de ses liens avec l\u2019ext\u00e9rieur, tout particuli\u00e8rement avec la m\u00e9tropole grenobloise et le Parc Naturel du Vercors. Ces coop\u00e9rations repr\u00e9sentent des leviers essentiels pour peser davantage et trouver de nouveaux financements.<\/p>\n\n\n\n<p class=\"has-background\" style=\"background-color:#afc2513d\">&#8211; Comment construire des accords qui b\u00e9n\u00e9ficient aux territoires signataires?<br>&#8211; Quelle mise en valeur de nos patrimoines communs partout sur le territoire Tri\u00e8ves ?<br>&#8211; Comment valoriser la vitalit\u00e9 et la cr\u00e9ativit\u00e9 remarquables de nos associations et de nos artistes ?<\/p>\n\n\n\n<p><\/p>\n","protected":false},"excerpt":{"rendered":"<p>Un territoire ouvert et coop\u00e9rant Le patrimoine et la culture forment le socle d\u2019une identit\u00e9 tri\u00e9voise commune. Le Tri\u00e8ves doit s\u2019appuyer sur ses richesses historiques et culturelles, tout en associant pleinement la population et d\u2019autres partenaires. L\u2019avenir du Tri\u00e8ves d\u00e9pend \u00e9galement de ses liens avec l\u2019ext\u00e9rieur, tout particuli\u00e8rement avec la m\u00e9tropole grenobloise et le Parc [&hellip;]<\/p>\n","protected":false},"author":1,"featured_media":0,"parent":0,"menu_order":0,"comment_status":"closed","ping_status":"closed","template":"","meta":{"_coblocks_attr":"Lora","_coblocks_dimensions":"","_coblocks_responsive_height":"","_coblocks_accordion_ie_support":"","hide_page_title":"enabled","footnotes":""},"class_list":["post-70","page","type-page","status-publish","hentry"],"_links":{"self":[{"href":"https:\/\/trievesperspectives2026.fr\/index.php\/wp-json\/wp\/v2\/pages\/70","targetHints":{"allow":["GET"]}}],"collection":[{"href":"https:\/\/trievesperspectives2026.fr\/index.php\/wp-json\/wp\/v2\/pages"}],"about":[{"href":"https:\/\/trievesperspectives2026.fr\/index.php\/wp-json\/wp\/v2\/types\/page"}],"author":[{"embeddable":true,"href":"https:\/\/trievesperspectives2026.fr\/index.php\/wp-json\/wp\/v2\/users\/1"}],"replies":[{"embeddable":true,"href":"https:\/\/trievesperspectives2026.fr\/index.php\/wp-json\/wp\/v2\/comments?post=70"}],"version-history":[{"count":1,"href":"https:\/\/trievesperspectives2026.fr\/index.php\/wp-json\/wp\/v2\/pages\/70\/revisions"}],"predecessor-version":[{"id":71,"href":"https:\/\/trievesperspectives2026.fr\/index.php\/wp-json\/wp\/v2\/pages\/70\/revisions\/71"}],"wp:attachment":[{"href":"https:\/\/trievesperspectives2026.fr\/index.php\/wp-json\/wp\/v2\/media?parent=70"}],"curies":[{"name":"wp","href":"https:\/\/api.w.org\/{rel}","templated":true}]}}