{"id":68,"date":"2025-11-22T12:49:49","date_gmt":"2025-11-22T11:49:49","guid":{"rendered":"https:\/\/trievesperspectives2026.fr\/?page_id=68"},"modified":"2025-11-22T12:49:58","modified_gmt":"2025-11-22T11:49:58","slug":"agriculture","status":"publish","type":"page","link":"https:\/\/trievesperspectives2026.fr\/index.php\/agriculture\/","title":{"rendered":"agriculture"},"content":{"rendered":"\n<p class=\"has-text-color has-link-color has-lora-font-family has-custom-font wp-elements-33b8309b3d39a8d5beffbe4b34454f73\" style=\"color:#ed6e28;font-size:60px;font-family:Lora\">Soutenir une agriculture vivante et nourrici\u00e8re<\/p>\n\n\n\n<p><br>Plus de 200 exploitations, une diversit\u00e9 de productions : l\u2019agriculture est un pilier du Tri\u00e8ves. Elle nourrit la population, entretient les paysages assurant une alimentation saine et de qualit\u00e9. Mais le renouvellement des g\u00e9n\u00e9rations, les fili\u00e8res d\u00e9laiss\u00e9es et les pressions \u00e9conomiques posent des d\u00e9fis immenses.<\/p>\n\n\n\n<p class=\"has-background\" style=\"background-color:#afc2513d\">&#8211; Comment mieux soutenir l\u2019installation de nouveaux et nouvelles paysan\u2027ne\u2027s et faciliter les transmissions\u00a0?<br>&#8211; Quelles fili\u00e8res locales d\u00e9velopper (lait, bois, laine, conserverie) et comment ?<\/p>\n\n\n\n<p><\/p>\n","protected":false},"excerpt":{"rendered":"<p>Soutenir une agriculture vivante et nourrici\u00e8re Plus de 200 exploitations, une diversit\u00e9 de productions : l\u2019agriculture est un pilier du Tri\u00e8ves. Elle nourrit la population, entretient les paysages assurant une alimentation saine et de qualit\u00e9. Mais le renouvellement des g\u00e9n\u00e9rations, les fili\u00e8res d\u00e9laiss\u00e9es et les pressions \u00e9conomiques posent des d\u00e9fis immenses. &#8211; Comment mieux soutenir [&hellip;]<\/p>\n","protected":false},"author":1,"featured_media":0,"parent":0,"menu_order":0,"comment_status":"closed","ping_status":"closed","template":"","meta":{"_coblocks_attr":"Lora","_coblocks_dimensions":"","_coblocks_responsive_height":"","_coblocks_accordion_ie_support":"","hide_page_title":"enabled","footnotes":""},"class_list":["post-68","page","type-page","status-publish","hentry"],"_links":{"self":[{"href":"https:\/\/trievesperspectives2026.fr\/index.php\/wp-json\/wp\/v2\/pages\/68","targetHints":{"allow":["GET"]}}],"collection":[{"href":"https:\/\/trievesperspectives2026.fr\/index.php\/wp-json\/wp\/v2\/pages"}],"about":[{"href":"https:\/\/trievesperspectives2026.fr\/index.php\/wp-json\/wp\/v2\/types\/page"}],"author":[{"embeddable":true,"href":"https:\/\/trievesperspectives2026.fr\/index.php\/wp-json\/wp\/v2\/users\/1"}],"replies":[{"embeddable":true,"href":"https:\/\/trievesperspectives2026.fr\/index.php\/wp-json\/wp\/v2\/comments?post=68"}],"version-history":[{"count":1,"href":"https:\/\/trievesperspectives2026.fr\/index.php\/wp-json\/wp\/v2\/pages\/68\/revisions"}],"predecessor-version":[{"id":69,"href":"https:\/\/trievesperspectives2026.fr\/index.php\/wp-json\/wp\/v2\/pages\/68\/revisions\/69"}],"wp:attachment":[{"href":"https:\/\/trievesperspectives2026.fr\/index.php\/wp-json\/wp\/v2\/media?parent=68"}],"curies":[{"name":"wp","href":"https:\/\/api.w.org\/{rel}","templated":true}]}}