{"id":63,"date":"2025-11-22T12:46:11","date_gmt":"2025-11-22T11:46:11","guid":{"rendered":"https:\/\/trievesperspectives2026.fr\/?page_id=63"},"modified":"2025-11-22T12:50:05","modified_gmt":"2025-11-22T11:50:05","slug":"tourisme","status":"publish","type":"page","link":"https:\/\/trievesperspectives2026.fr\/index.php\/tourisme\/","title":{"rendered":"tourisme"},"content":{"rendered":"\n<p class=\"has-text-color has-link-color has-lora-font-family has-custom-font wp-elements-bd728019e92ee7c6efac055f01f750ba\" style=\"color:#ed6e28;font-size:60px;font-family:Lora\">Un tourisme \u00e9quilibr\u00e9 et respectueux<\/p>\n\n\n\n<p><br>Le Tri\u00e8ves attire par son patrimoine naturel et culturel, mais le tourisme doit s\u2019adapter aux changements climatiques et aux tensions qui p\u00e8sent sur notre environnement remarquable. L\u2019enjeu est de trouver le juste \u00e9quilibre : accueillir avec qualit\u00e9, diversifier les formes de tourisme et r\u00e9partir les activit\u00e9s sur le territoire et sur l\u2019ann\u00e9e.<\/p>\n\n\n\n<p class=\"has-background\" style=\"background-color:#afc2513d\">&#8211; Quel avenir pour le balcon Est du Vercors et pour le lac ?<br>&#8211; Comment favoriser un tourisme diffus\u00a0?<\/p>\n\n\n\n<p><\/p>\n","protected":false},"excerpt":{"rendered":"<p>Un tourisme \u00e9quilibr\u00e9 et respectueux Le Tri\u00e8ves attire par son patrimoine naturel et culturel, mais le tourisme doit s\u2019adapter aux changements climatiques et aux tensions qui p\u00e8sent sur notre environnement remarquable. L\u2019enjeu est de trouver le juste \u00e9quilibre : accueillir avec qualit\u00e9, diversifier les formes de tourisme et r\u00e9partir les activit\u00e9s sur le territoire et [&hellip;]<\/p>\n","protected":false},"author":1,"featured_media":0,"parent":0,"menu_order":0,"comment_status":"closed","ping_status":"closed","template":"","meta":{"_coblocks_attr":"Lora","_coblocks_dimensions":"","_coblocks_responsive_height":"","_coblocks_accordion_ie_support":"","hide_page_title":"enabled","footnotes":""},"class_list":["post-63","page","type-page","status-publish","hentry"],"_links":{"self":[{"href":"https:\/\/trievesperspectives2026.fr\/index.php\/wp-json\/wp\/v2\/pages\/63","targetHints":{"allow":["GET"]}}],"collection":[{"href":"https:\/\/trievesperspectives2026.fr\/index.php\/wp-json\/wp\/v2\/pages"}],"about":[{"href":"https:\/\/trievesperspectives2026.fr\/index.php\/wp-json\/wp\/v2\/types\/page"}],"author":[{"embeddable":true,"href":"https:\/\/trievesperspectives2026.fr\/index.php\/wp-json\/wp\/v2\/users\/1"}],"replies":[{"embeddable":true,"href":"https:\/\/trievesperspectives2026.fr\/index.php\/wp-json\/wp\/v2\/comments?post=63"}],"version-history":[{"count":1,"href":"https:\/\/trievesperspectives2026.fr\/index.php\/wp-json\/wp\/v2\/pages\/63\/revisions"}],"predecessor-version":[{"id":64,"href":"https:\/\/trievesperspectives2026.fr\/index.php\/wp-json\/wp\/v2\/pages\/63\/revisions\/64"}],"wp:attachment":[{"href":"https:\/\/trievesperspectives2026.fr\/index.php\/wp-json\/wp\/v2\/media?parent=63"}],"curies":[{"name":"wp","href":"https:\/\/api.w.org\/{rel}","templated":true}]}}