{"id":56,"date":"2025-11-22T12:38:17","date_gmt":"2025-11-22T11:38:17","guid":{"rendered":"https:\/\/trievesperspectives2026.fr\/?page_id=56"},"modified":"2025-11-22T12:47:57","modified_gmt":"2025-11-22T11:47:57","slug":"precarite","status":"publish","type":"page","link":"https:\/\/trievesperspectives2026.fr\/index.php\/precarite\/","title":{"rendered":"precarite"},"content":{"rendered":"\n<p class=\"has-text-color has-link-color has-lora-font-family has-custom-font wp-elements-c3ce10f8f0c7aca74a18b3e3c9ec9b91\" style=\"color:#ed6e28;font-size:60px;font-family:Lora\">R\u00e9duire les pr\u00e9carit\u00e9s et renforcer les solidarit\u00e9s<\/p>\n\n\n\n<p><br>Le Tri\u00e8ves a une longue tradition d\u2019accueil, d\u2019entraide et un tissu associatif riche et solidaire. Pourtant, les situations de pr\u00e9carit\u00e9 restent nombreuses : isolement, difficult\u00e9s d\u2019acc\u00e8s \u00e0 l\u2019emploi, fragilit\u00e9 sociale. Le r\u00f4le de la ComCom est d\u2019appuyer les acteur\u2027ices de terrain, de renforcer le Centre Intercommunal d&rsquo;Action Sociale (CIAS) et de garantir que la solidarit\u00e9 irrigue les politiques publiques.<\/p>\n\n\n\n<p class=\"has-background\" style=\"background-color:#afc2513d\">&#8211; Comment mieux coordonner l\u2019action sociale entre communes, Centre Intercommunal d\u2019Action Sociale et associations ?<br>&#8211; Comment consolider Territoire Z\u00e9ro Ch\u00f4meurs de Longue Dur\u00e9e ?<\/p>\n\n\n\n<p><\/p>\n","protected":false},"excerpt":{"rendered":"<p>R\u00e9duire les pr\u00e9carit\u00e9s et renforcer les solidarit\u00e9s Le Tri\u00e8ves a une longue tradition d\u2019accueil, d\u2019entraide et un tissu associatif riche et solidaire. Pourtant, les situations de pr\u00e9carit\u00e9 restent nombreuses : isolement, difficult\u00e9s d\u2019acc\u00e8s \u00e0 l\u2019emploi, fragilit\u00e9 sociale. Le r\u00f4le de la ComCom est d\u2019appuyer les acteur\u2027ices de terrain, de renforcer le Centre Intercommunal d&rsquo;Action Sociale [&hellip;]<\/p>\n","protected":false},"author":1,"featured_media":0,"parent":0,"menu_order":0,"comment_status":"closed","ping_status":"closed","template":"","meta":{"_coblocks_attr":"Lora","_coblocks_dimensions":"","_coblocks_responsive_height":"","_coblocks_accordion_ie_support":"","hide_page_title":"enabled","footnotes":""},"class_list":["post-56","page","type-page","status-publish","hentry"],"_links":{"self":[{"href":"https:\/\/trievesperspectives2026.fr\/index.php\/wp-json\/wp\/v2\/pages\/56","targetHints":{"allow":["GET"]}}],"collection":[{"href":"https:\/\/trievesperspectives2026.fr\/index.php\/wp-json\/wp\/v2\/pages"}],"about":[{"href":"https:\/\/trievesperspectives2026.fr\/index.php\/wp-json\/wp\/v2\/types\/page"}],"author":[{"embeddable":true,"href":"https:\/\/trievesperspectives2026.fr\/index.php\/wp-json\/wp\/v2\/users\/1"}],"replies":[{"embeddable":true,"href":"https:\/\/trievesperspectives2026.fr\/index.php\/wp-json\/wp\/v2\/comments?post=56"}],"version-history":[{"count":2,"href":"https:\/\/trievesperspectives2026.fr\/index.php\/wp-json\/wp\/v2\/pages\/56\/revisions"}],"predecessor-version":[{"id":67,"href":"https:\/\/trievesperspectives2026.fr\/index.php\/wp-json\/wp\/v2\/pages\/56\/revisions\/67"}],"wp:attachment":[{"href":"https:\/\/trievesperspectives2026.fr\/index.php\/wp-json\/wp\/v2\/media?parent=56"}],"curies":[{"name":"wp","href":"https:\/\/api.w.org\/{rel}","templated":true}]}}