{"id":50,"date":"2025-11-22T12:29:21","date_gmt":"2025-11-22T11:29:21","guid":{"rendered":"https:\/\/trievesperspectives2026.fr\/?page_id=50"},"modified":"2025-11-22T12:47:17","modified_gmt":"2025-11-22T11:47:17","slug":"habiter","status":"publish","type":"page","link":"https:\/\/trievesperspectives2026.fr\/index.php\/habiter\/","title":{"rendered":"habiter"},"content":{"rendered":"\n<p class=\"has-text-color has-link-color wp-elements-e4ebd5dbc9881fac33fec9b7bd01eb88\" style=\"color:#ed6e28;font-size:60px\">Habiter et se loger dignement<\/p>\n\n\n\n<p><br>L\u2019acc\u00e8s au logement est devenu un d\u00e9fi majeur : flamb\u00e9e des prix, pression des r\u00e9sidences secondaires, manque de locations accessibles, pr\u00e9carit\u00e9 \u00e9nerg\u00e9tique. Les jeunes, les familles, les personnes seules peinent \u00e0 trouver un logement adapt\u00e9 et abordable. L\u2019intercommunalit\u00e9 devra prendre sa part de responsabilit\u00e9 en accompagnant d\u2019avantage les communes et en explorant les outils existants.<\/p>\n\n\n\n<p class=\"has-background\" style=\"background-color:#afc2513d\">&#8211; Comment favoriser le logement des jeunes et des familles face \u00e0 la raret\u00e9 des biens ?<br>&#8211; Quels leviers collectifs pour lutter contre les passoires thermiques\u00a0?<\/p>\n","protected":false},"excerpt":{"rendered":"<p>Habiter et se loger dignement L\u2019acc\u00e8s au logement est devenu un d\u00e9fi majeur : flamb\u00e9e des prix, pression des r\u00e9sidences secondaires, manque de locations accessibles, pr\u00e9carit\u00e9 \u00e9nerg\u00e9tique. Les jeunes, les familles, les personnes seules peinent \u00e0 trouver un logement adapt\u00e9 et abordable. L\u2019intercommunalit\u00e9 devra prendre sa part de responsabilit\u00e9 en accompagnant d\u2019avantage les communes et [&hellip;]<\/p>\n","protected":false},"author":1,"featured_media":0,"parent":0,"menu_order":0,"comment_status":"closed","ping_status":"closed","template":"","meta":{"_coblocks_attr":"","_coblocks_dimensions":"","_coblocks_responsive_height":"","_coblocks_accordion_ie_support":"","hide_page_title":"enabled","footnotes":""},"class_list":["post-50","page","type-page","status-publish","hentry"],"_links":{"self":[{"href":"https:\/\/trievesperspectives2026.fr\/index.php\/wp-json\/wp\/v2\/pages\/50","targetHints":{"allow":["GET"]}}],"collection":[{"href":"https:\/\/trievesperspectives2026.fr\/index.php\/wp-json\/wp\/v2\/pages"}],"about":[{"href":"https:\/\/trievesperspectives2026.fr\/index.php\/wp-json\/wp\/v2\/types\/page"}],"author":[{"embeddable":true,"href":"https:\/\/trievesperspectives2026.fr\/index.php\/wp-json\/wp\/v2\/users\/1"}],"replies":[{"embeddable":true,"href":"https:\/\/trievesperspectives2026.fr\/index.php\/wp-json\/wp\/v2\/comments?post=50"}],"version-history":[{"count":4,"href":"https:\/\/trievesperspectives2026.fr\/index.php\/wp-json\/wp\/v2\/pages\/50\/revisions"}],"predecessor-version":[{"id":66,"href":"https:\/\/trievesperspectives2026.fr\/index.php\/wp-json\/wp\/v2\/pages\/50\/revisions\/66"}],"wp:attachment":[{"href":"https:\/\/trievesperspectives2026.fr\/index.php\/wp-json\/wp\/v2\/media?parent=50"}],"curies":[{"name":"wp","href":"https:\/\/api.w.org\/{rel}","templated":true}]}}