{"id":2,"date":"2025-11-18T16:24:06","date_gmt":"2025-11-18T15:24:06","guid":{"rendered":"https:\/\/trievesperspectives2026.fr\/?page_id=2"},"modified":"2025-11-22T13:03:32","modified_gmt":"2025-11-22T12:03:32","slug":"page-d-exemple","status":"publish","type":"page","link":"https:\/\/trievesperspectives2026.fr\/","title":{"rendered":"Quelle communaut\u00e9 de communes pour le Tri\u00e8ves ?"},"content":{"rendered":"\n<p class=\"has-text-align-center has-text-color has-link-color has-lora-font-family has-custom-font wp-elements-6b121bcfc3b1f2cd1059e7cb7000a31d\" style=\"color:#ed6e28;font-size:60px;font-family:Lora\"><strong>Quelle communaut\u00e9 de communes pour le Tri\u00e8ves ?<\/strong><\/p>\n\n\n\n<p class=\"has-text-color has-link-color has-large-font-size wp-elements-057e5cf9ef9851f546fdd2f8af1425e6\" style=\"color:#afc152\">Nous, \u00e9lu\u2027e\u2027s, citoyen\u2027n\u2027e\u2027s rassembl\u00e9\u2027e\u2027s autour de valeurs humanistes, progressistes, d\u00e9mocrates et \u00e9cologistes, souhaitons construire un projet de territoire, fond\u00e9 sur les solidarit\u00e9s et l\u2019\u00e9quit\u00e9.<\/p>\n\n\n\n<p class=\"has-background\" style=\"background-color:#afc2513d\"><strong>ENJEUX<\/strong> : l<strong>es 15 et 22 mars 2026<\/strong>, nous \u00e9lirons nos conseils municipaux. Suite \u00e0 cette \u00e9ch\u00e9ance, il faudra proc\u00e9der \u00e0 l\u2019installation de l\u2019\u00e9quipe dirigeante de la communaut\u00e9 de communes (ComCom), au plus tard le vendredi de la quatri\u00e8me semaine qui suit l\u2019\u00e9lection des maires, <strong>soit en avril 2026<\/strong>. Ce sont les conseiller\u2027e\u2027s communautaires issu\u2027e\u2027s de chacun des conseils municipaux des 27 villages qui voteront pour le ou la pr\u00e9sident\u2027e de la ComCom qui nommera ensuite son ex\u00e9cutif c\u2019est-\u00e0-dire les vice-pr\u00e9sident\u2027e\u2027s. Si l\u2019\u00e9chelon intercommunal reste moins connu que la commune, dernier rempart d\u00e9mocratique, il est n\u00e9anmoins capital. En effet, malgr\u00e9 son manque de visibilit\u00e9, c\u2019est bien l\u2019intercommunalit\u00e9 qui dispose des comp\u00e9tences majeures pour faire vivre le Tri\u00e8ves (cr\u00e8ches, m\u00e9diath\u00e8ques, Mixages et Granjou, ramassage des ordures m\u00e9nag\u00e8res&#8230;).<\/p>\n\n\n\n<p><\/p>\n\n\n\n<p>Cet \u00e9chelon intercommunal, riche de nos 27 villages, ne doit pas \u00eatre \u00e9loign\u00e9 des pr\u00e9occupations citoyennes mais assurer la continuit\u00e9 avec les actions communales. C\u2019est pour cette raison qu\u2019\u00e0 l&rsquo;approche des municipales de 2026, des \u00e9lu\u2027e\u2027s et des citoyen\u2027n\u2027e\u2027s se sont retrouv\u00e9\u2027e\u2027s pour entamer un travail collectif pour l\u2019avenir du Tri\u00e8ves.<\/p>\n\n\n\n<p>D\u00e8s 2026, nous voulons renforcer le lien entre la ComCom et ses communes : une ing\u00e9nierie mutualis\u00e9e ; un accompagnement des projets communaux structurants ; le soutien au r\u00e9seau des secr\u00e9taires de mairie ; la cr\u00e9ation de services partag\u00e9s (postes mutualis\u00e9s, assistance juridique, montage de dossiers de subvention). Notre objectif est que l\u2019intercommunalit\u00e9 soit porteuse non seulement de services (ce qu\u2019elle fait d\u00e9j\u00e0) mais aussi de projets, d\u2019une vision globale pour notre territoire.<\/p>\n\n\n\n<p><\/p>\n\n\n\n<p class=\"has-background\" style=\"background-color:#afc2513d\"><strong>CONSTATS<\/strong> : aujourd\u2019hui, le d\u00e9bat politique est rare dans le fonctionnement intercommunal. Cela sert \u00e0 pr\u00e9server un certain conservatisme tout en occultant les choix, les arbitrages, qui devraient structurer les d\u00e9cisions intercommunales. Ce mode de fonctionnement a pour effet d\u2019\u00e9vacuer les sujets fondamentaux de l\u2019agenda intercommunal. L\u2019am\u00e9nagement du territoire, la gestion des ressources naturelles comme l\u2019eau, ou encore la question de l\u2019habitat sont insuffisamment abord\u00e9s. Pour l&rsquo;heure, m\u00eame si certaines commissions th\u00e9matiques sont ouvertes, les d\u00e9cisions ne sont prises r\u00e9ellement que par quelques personnes, le conseil communautaire fonctionne comme une chambre d&rsquo;enregistrement plut\u00f4t que comme une instance d\u00e9lib\u00e9rante. Un tel fonctionnement emp\u00eache le plus souvent concertation, innovation et \u00e9quit\u00e9 territoriale.<\/p>\n\n\n\n<p><\/p>\n\n\n\n<p>Avec le prochain mandat, nous souhaitons que la ComCom porte une ambition claire pour le Tri\u00e8ves. Nous avons besoin d\u2019un v\u00e9ritable projet de territoire : construit collectivement, d\u00e9battu publiquement, port\u00e9 d\u00e9mocratiquement. Un projet qui donne du sens \u00e0 l\u2019action intercommunale. Sans revendiquer l\u2019exhaustivit\u00e9, voici des enjeux qui nous voulons mettre \u00e0 discussion.<\/p>\n\n\n\n<p class=\"has-text-color has-link-color has-huge-font-size wp-elements-c37e24f51ef7fc7375b634aabf5207fe\" style=\"color:#ed6e28\"><a href=\"https:\/\/trievesperspectives2026.fr\/index.php\/nos-engagements\/\" data-type=\"page\" data-id=\"31\">Voir nos engagements !<\/a><\/p>\n\n\n\n<p><\/p>\n","protected":false},"excerpt":{"rendered":"<p>Quelle communaut\u00e9 de communes pour le Tri\u00e8ves ? Nous, \u00e9lu\u2027e\u2027s, citoyen\u2027n\u2027e\u2027s rassembl\u00e9\u2027e\u2027s autour de valeurs humanistes, progressistes, d\u00e9mocrates et \u00e9cologistes, souhaitons construire un projet de territoire, fond\u00e9 sur les solidarit\u00e9s et l\u2019\u00e9quit\u00e9. ENJEUX : les 15 et 22 mars 2026, nous \u00e9lirons nos conseils municipaux. Suite \u00e0 cette \u00e9ch\u00e9ance, il faudra proc\u00e9der \u00e0 l\u2019installation de [&hellip;]<\/p>\n","protected":false},"author":1,"featured_media":0,"parent":0,"menu_order":0,"comment_status":"closed","ping_status":"open","template":"","meta":{"_coblocks_attr":"Arvo,Open Sans,Roboto,Tajawal,Ubuntu,Helvetica,Times New Roman,Georgia,Abril Fatface,Anton,Asap Condensed,Barlow,Cormorant Garamond,Faustina,Fira Sans,IBM Plex Sans,Inconsolata,Heebo,Karla,Lato,Merriweather,Montserrat,Lora","_coblocks_dimensions":"","_coblocks_responsive_height":"","_coblocks_accordion_ie_support":"","hide_page_title":"disabled","footnotes":""},"class_list":["post-2","page","type-page","status-publish","hentry"],"_links":{"self":[{"href":"https:\/\/trievesperspectives2026.fr\/index.php\/wp-json\/wp\/v2\/pages\/2","targetHints":{"allow":["GET"]}}],"collection":[{"href":"https:\/\/trievesperspectives2026.fr\/index.php\/wp-json\/wp\/v2\/pages"}],"about":[{"href":"https:\/\/trievesperspectives2026.fr\/index.php\/wp-json\/wp\/v2\/types\/page"}],"author":[{"embeddable":true,"href":"https:\/\/trievesperspectives2026.fr\/index.php\/wp-json\/wp\/v2\/users\/1"}],"replies":[{"embeddable":true,"href":"https:\/\/trievesperspectives2026.fr\/index.php\/wp-json\/wp\/v2\/comments?post=2"}],"version-history":[{"count":16,"href":"https:\/\/trievesperspectives2026.fr\/index.php\/wp-json\/wp\/v2\/pages\/2\/revisions"}],"predecessor-version":[{"id":91,"href":"https:\/\/trievesperspectives2026.fr\/index.php\/wp-json\/wp\/v2\/pages\/2\/revisions\/91"}],"wp:attachment":[{"href":"https:\/\/trievesperspectives2026.fr\/index.php\/wp-json\/wp\/v2\/media?parent=2"}],"curies":[{"name":"wp","href":"https:\/\/api.w.org\/{rel}","templated":true}]}}